{"id":2852,"date":"2025-03-08T18:40:22","date_gmt":"2025-03-08T17:40:22","guid":{"rendered":"https:\/\/amanidonostia.com\/?page_id=2852"},"modified":"2025-03-09T13:29:59","modified_gmt":"2025-03-09T12:29:59","slug":"formaciones","status":"publish","type":"page","link":"https:\/\/amanidonostia.com\/index.php\/formaciones\/","title":{"rendered":"YTT 200H"},"content":{"rendered":"\t\t<div data-elementor-type=\"wp-page\" data-elementor-id=\"2852\" class=\"elementor elementor-2852\">\n\t\t\t\t<div class=\"elementor-element elementor-element-9027d76 e-flex e-con-boxed e-con e-parent\" data-id=\"9027d76\" data-element_type=\"container\" data-e-type=\"container\">\n\t\t\t\t\t<div class=\"e-con-inner\">\n\t\t\t\t\t<\/div>\n\t\t\t\t<\/div>\n\t\t<div class=\"elementor-element elementor-element-a4db50d e-flex e-con-boxed e-con e-parent\" data-id=\"a4db50d\" data-element_type=\"container\" data-e-type=\"container\">\n\t\t\t\t\t<div class=\"e-con-inner\">\n\t\t\t\t<div class=\"elementor-element elementor-element-7a864ac elementor-widget elementor-widget-text-editor\" data-id=\"7a864ac\" data-element_type=\"widget\" data-e-type=\"widget\" data-widget_type=\"text-editor.default\">\n\t\t\t\t<div class=\"elementor-widget-container\">\n\t\t\t\t\t\t\t\t\t<h1 style=\"text-align: center;\">FORMACIONES<\/h1>\t\t\t\t\t\t\t\t<\/div>\n\t\t\t\t<\/div>\n\t\t\t\t\t<\/div>\n\t\t\t\t<\/div>\n\t\t<div class=\"elementor-element elementor-element-ad90ceb e-flex e-con-boxed e-con e-parent\" data-id=\"ad90ceb\" data-element_type=\"container\" data-e-type=\"container\">\n\t\t\t\t\t<div class=\"e-con-inner\">\n\t\t<div class=\"elementor-element elementor-element-384448f e-con-full e-flex e-con e-child\" data-id=\"384448f\" data-element_type=\"container\" data-e-type=\"container\">\n\t\t\t\t<div class=\"elementor-element elementor-element-3638201 elementor-widget elementor-widget-image\" data-id=\"3638201\" data-element_type=\"widget\" data-e-type=\"widget\" data-widget_type=\"image.default\">\n\t\t\t\t<div class=\"elementor-widget-container\">\n\t\t\t\t\t\t\t\t\t\t\t\t\t\t\t<img fetchpriority=\"high\" decoding=\"async\" width=\"1706\" height=\"1169\" src=\"https:\/\/amanidonostia.com\/wp-content\/uploads\/2025\/03\/MG_1093-scaled-e1741445581932.jpeg\" class=\"attachment-full size-full wp-image-2860\" alt=\"\" srcset=\"https:\/\/amanidonostia.com\/wp-content\/uploads\/2025\/03\/MG_1093-scaled-e1741445581932.jpeg 1706w, https:\/\/amanidonostia.com\/wp-content\/uploads\/2025\/03\/MG_1093-scaled-e1741445581932-300x206.jpeg 300w, https:\/\/amanidonostia.com\/wp-content\/uploads\/2025\/03\/MG_1093-scaled-e1741445581932-1024x702.jpeg 1024w, https:\/\/amanidonostia.com\/wp-content\/uploads\/2025\/03\/MG_1093-scaled-e1741445581932-768x526.jpeg 768w, https:\/\/amanidonostia.com\/wp-content\/uploads\/2025\/03\/MG_1093-scaled-e1741445581932-1536x1053.jpeg 1536w\" sizes=\"(max-width: 1706px) 100vw, 1706px\" \/>\t\t\t\t\t\t\t\t\t\t\t\t\t\t\t<\/div>\n\t\t\t\t<\/div>\n\t\t\t\t<\/div>\n\t\t<div class=\"elementor-element elementor-element-9996a7f e-con-full e-flex e-con e-child\" data-id=\"9996a7f\" data-element_type=\"container\" data-e-type=\"container\">\n\t\t\t\t<div class=\"elementor-element elementor-element-4885e63 elementor-widget elementor-widget-text-editor\" data-id=\"4885e63\" data-element_type=\"widget\" data-e-type=\"widget\" data-widget_type=\"text-editor.default\">\n\t\t\t\t<div class=\"elementor-widget-container\">\n\t\t\t\t\t\t\t\t\t<h3 style=\"text-align: center;\">YOGA TEACHER TRAINING 200H<\/h3>\t\t\t\t\t\t\t\t<\/div>\n\t\t\t\t<\/div>\n\t\t\t\t<div class=\"elementor-element elementor-element-10f1fbc elementor-widget elementor-widget-text-editor\" data-id=\"10f1fbc\" data-element_type=\"widget\" data-e-type=\"widget\" data-widget_type=\"text-editor.default\">\n\t\t\t\t<div class=\"elementor-widget-container\">\n\t\t\t\t\t\t\t\t\t<p>Convi\u00e9rtete en profesor\/a de yoga con una formaci\u00f3n completa, integradora y basada en los est\u00e1ndares de <strong data-start=\"244\" data-end=\"261\">Yoga Alliance<\/strong>.<br \/>Nuestra formaci\u00f3n de <strong data-start=\"146\" data-end=\"159\">200 horas<\/strong> est\u00e1 impartida por un equipo de mujeres profesionales y apasionadas, con especialidades complementarias que enriquecen el aprendizaje.<br \/>M\u00e1s que una certificaci\u00f3n, es un viaje transformador donde profundizar\u00e1s en la pr\u00e1ctica, ense\u00f1anza y filosof\u00eda del yoga, integrando sus valores m\u00e1s all\u00e1 de la esterilla. Con un enfoque accesible y riguroso, te prepararemos para guiar clases con seguridad y autenticidad.<br \/>Al completar la formaci\u00f3n, obtendr\u00e1s la certificaci\u00f3n <strong data-start=\"620\" data-end=\"631\">RYT-200<\/strong> de <strong data-start=\"635\" data-end=\"652\">Yoga Alliance<\/strong>, reconocida internacionalmente.<\/p>\t\t\t\t\t\t\t\t<\/div>\n\t\t\t\t<\/div>\n\t\t\t\t<div class=\"elementor-element elementor-element-584e1dc elementor-align-center elementor-widget elementor-widget-button\" data-id=\"584e1dc\" data-element_type=\"widget\" data-e-type=\"widget\" data-widget_type=\"button.default\">\n\t\t\t\t<div class=\"elementor-widget-container\">\n\t\t\t\t\t\t\t\t\t<div class=\"elementor-button-wrapper\">\n\t\t\t\t\t<a class=\"elementor-button elementor-button-link elementor-size-sm\" href=\"https:\/\/amanidonostia.com\/index.php\/ytt200h\/\" target=\"_blank\">\n\t\t\t\t\t\t<span class=\"elementor-button-content-wrapper\">\n\t\t\t\t\t\t\t\t\t<span class=\"elementor-button-text\">Saber m\u00e1s<\/span>\n\t\t\t\t\t<\/span>\n\t\t\t\t\t<\/a>\n\t\t\t\t<\/div>\n\t\t\t\t\t\t\t\t<\/div>\n\t\t\t\t<\/div>\n\t\t\t\t<\/div>\n\t\t\t\t\t<\/div>\n\t\t\t\t<\/div>\n\t\t<div class=\"elementor-element elementor-element-ddbe0e4 e-flex e-con-boxed e-con e-parent\" data-id=\"ddbe0e4\" data-element_type=\"container\" data-e-type=\"container\">\n\t\t\t\t\t<div class=\"e-con-inner\">\n\t\t\t\t<div class=\"elementor-element elementor-element-24f7790 elementor-widget elementor-widget-spacer\" data-id=\"24f7790\" data-element_type=\"widget\" data-e-type=\"widget\" data-widget_type=\"spacer.default\">\n\t\t\t\t<div class=\"elementor-widget-container\">\n\t\t\t\t\t\t\t<div class=\"elementor-spacer\">\n\t\t\t<div class=\"elementor-spacer-inner\"><\/div>\n\t\t<\/div>\n\t\t\t\t\t\t<\/div>\n\t\t\t\t<\/div>\n\t\t\t\t\t<\/div>\n\t\t\t\t<\/div>\n\t\t\t\t<\/div>\n\t\t","protected":false},"excerpt":{"rendered":"<p>FORMACIONES YOGA TEACHER TRAINING 200H Convi\u00e9rtete en profesor\/a de yoga con una formaci\u00f3n completa, integradora y basada en los est\u00e1ndares de Yoga Alliance.Nuestra formaci\u00f3n de 200 horas est\u00e1 impartida por un equipo de mujeres profesionales y apasionadas, con especialidades complementarias que enriquecen el aprendizaje.M\u00e1s que una certificaci\u00f3n, es un viaje transformador donde profundizar\u00e1s en la&#8230;<\/p>\n","protected":false},"author":1,"featured_media":0,"parent":0,"menu_order":0,"comment_status":"closed","ping_status":"closed","template":"","meta":{"_seopress_robots_primary_cat":"","_seopress_titles_title":"","_seopress_titles_desc":"","_seopress_robots_index":"","_kad_post_transparent":"","_kad_post_title":"hide","_kad_post_layout":"fullwidth","_kad_post_sidebar_id":"","_kad_post_content_style":"unboxed","_kad_post_vertical_padding":"hide","_kad_post_feature":"hide","_kad_post_feature_position":"","_kad_post_header":false,"_kad_post_footer":false,"_joinchat":[],"footnotes":""},"class_list":["post-2852","page","type-page","status-publish","hentry"],"amp_enabled":true,"_links":{"self":[{"href":"https:\/\/amanidonostia.com\/index.php\/wp-json\/wp\/v2\/pages\/2852"}],"collection":[{"href":"https:\/\/amanidonostia.com\/index.php\/wp-json\/wp\/v2\/pages"}],"about":[{"href":"https:\/\/amanidonostia.com\/index.php\/wp-json\/wp\/v2\/types\/page"}],"author":[{"embeddable":true,"href":"https:\/\/amanidonostia.com\/index.php\/wp-json\/wp\/v2\/users\/1"}],"replies":[{"embeddable":true,"href":"https:\/\/amanidonostia.com\/index.php\/wp-json\/wp\/v2\/comments?post=2852"}],"version-history":[{"count":17,"href":"https:\/\/amanidonostia.com\/index.php\/wp-json\/wp\/v2\/pages\/2852\/revisions"}],"predecessor-version":[{"id":2940,"href":"https:\/\/amanidonostia.com\/index.php\/wp-json\/wp\/v2\/pages\/2852\/revisions\/2940"}],"wp:attachment":[{"href":"https:\/\/amanidonostia.com\/index.php\/wp-json\/wp\/v2\/media?parent=2852"}],"curies":[{"name":"wp","href":"https:\/\/api.w.org\/{rel}","templated":true}]}}